{"id":370,"date":"2015-02-12T19:15:03","date_gmt":"2015-02-12T19:15:03","guid":{"rendered":"http:\/\/wpcharming.wpengine.com\/construction\/?page_id=370"},"modified":"2025-12-08T20:21:33","modified_gmt":"2025-12-08T20:21:33","slug":"projelerimiz","status":"publish","type":"page","link":"https:\/\/akogluinsaat.com.tr\/index.php\/projelerimiz\/","title":{"rendered":"Projelerimiz"},"content":{"rendered":"\t\t<div data-elementor-type=\"wp-page\" data-elementor-id=\"370\" class=\"elementor elementor-370\" data-elementor-post-type=\"page\">\n\t\t\t\t<div class=\"elementor-element elementor-element-7a73911 e-flex e-con-boxed e-con e-parent\" data-id=\"7a73911\" data-element_type=\"container\">\n\t\t\t\t\t<div class=\"e-con-inner\">\n\t\t\t\t<div class=\"elementor-element elementor-element-45eed39 elementor-widget elementor-widget-wpc-page-children\" data-id=\"45eed39\" data-element_type=\"widget\" data-widget_type=\"wpc-page-children.default\">\n\t\t\t\t<div class=\"elementor-widget-container\">\n\t\t\t\t\t\n\t\t\t<div class=\"child-page-wrapper\">\n\t\t<div class=\"grid-wrapper grid-3-columns grid-row \">\n\t\t\t<div class=\"grid-item grid-sm-6 grid-md-4\">\n\t\t\t\t<div class=\"grid-thumbnail\">\n\t\t\t\t\t<a href=\"https:\/\/akogluinsaat.com.tr\/index.php\/projelerimiz\/akoglu-elit-life-2\/\" title=\"Ako\u011flu Elit Life 2\"><img fetchpriority=\"high\" decoding=\"async\" width=\"600\" height=\"300\" src=\"https:\/\/akogluinsaat.com.tr\/wp-content\/uploads\/2025\/12\/elite-life2-1-2-1-600x300.png\" class=\"attachment-medium-thumb size-medium-thumb wp-post-image\" alt=\"\" srcset=\"https:\/\/akogluinsaat.com.tr\/wp-content\/uploads\/2025\/12\/elite-life2-1-2-1-600x300.png 600w, https:\/\/akogluinsaat.com.tr\/wp-content\/uploads\/2025\/12\/elite-life2-1-2-1-400x200.png 400w, https:\/\/akogluinsaat.com.tr\/wp-content\/uploads\/2025\/12\/elite-life2-1-2-1-800x400.png 800w\" sizes=\"(max-width: 600px) 100vw, 600px\" \/><\/a>\n\t\t\t\t<\/div>\n\t\t\t\t<h3 class=\"grid-title\"><a href=\"https:\/\/akogluinsaat.com.tr\/index.php\/projelerimiz\/akoglu-elit-life-2\/\" rel=\"bookmark\">Ako\u011flu Elit Life 2<\/a><\/h3>\n\n\t\t\t\t<p>Proje Detaylar\u0131 \ud83c\udfe2 Elit Life 2 Toplam \u0130n\u015faat Alan\u0131: 14.000 m\u00b2Yap\u0131m Y\u0131l\u0131: 2018 \u2013 2019 Proje A\u00e7\u0131klamas\u0131:Elit Life 2, Elit Life ...<\/p>\n\n\t\t\t\t<a class=\"grid-more\" href=\"https:\/\/akogluinsaat.com.tr\/index.php\/projelerimiz\/akoglu-elit-life-2\/\" title=\"Ako\u011flu Elit Life 2\">Read More<\/a>\n\n\t\t\t<\/div>\n\t\t\t\n\t\t\t<div class=\"grid-item grid-sm-6 grid-md-4\">\n\t\t\t\t<div class=\"grid-thumbnail\">\n\t\t\t\t\t<a href=\"https:\/\/akogluinsaat.com.tr\/index.php\/projelerimiz\/akoglu-towers\/\" title=\"AKO\u011eLU TOWERS\"><img decoding=\"async\" width=\"600\" height=\"300\" src=\"https:\/\/akogluinsaat.com.tr\/wp-content\/uploads\/2025\/12\/AKOGLU0-600x300.jpeg\" class=\"attachment-medium-thumb size-medium-thumb wp-post-image\" alt=\"\" srcset=\"https:\/\/akogluinsaat.com.tr\/wp-content\/uploads\/2025\/12\/AKOGLU0-600x300.jpeg 600w, https:\/\/akogluinsaat.com.tr\/wp-content\/uploads\/2025\/12\/AKOGLU0-400x200.jpeg 400w, https:\/\/akogluinsaat.com.tr\/wp-content\/uploads\/2025\/12\/AKOGLU0-800x400.jpeg 800w\" sizes=\"(max-width: 600px) 100vw, 600px\" \/><\/a>\n\t\t\t\t<\/div>\n\t\t\t\t<h3 class=\"grid-title\"><a href=\"https:\/\/akogluinsaat.com.tr\/index.php\/projelerimiz\/akoglu-towers\/\" rel=\"bookmark\">AKO\u011eLU TOWERS<\/a><\/h3>\n\n\t\t\t\t<p>Proje Detaylar\u0131 \ud83c\udfd9 Ako\u011flu Towers Toplam \u0130n\u015faat Alan\u0131: 5.700 m\u00b2Yap\u0131m Y\u0131l\u0131: 2022 \u2013 2023 Proje A\u00e7\u0131klamas\u0131:Ako\u011flu Towers, modern rezidans anlay\u0131\u015f\u0131n\u0131 kompakt ...<\/p>\n\n\t\t\t\t<a class=\"grid-more\" href=\"https:\/\/akogluinsaat.com.tr\/index.php\/projelerimiz\/akoglu-towers\/\" title=\"AKO\u011eLU TOWERS\">Read More<\/a>\n\n\t\t\t<\/div>\n\t\t\t\n\t\t\t<div class=\"grid-item grid-sm-6 grid-md-4\">\n\t\t\t\t<div class=\"grid-thumbnail\">\n\t\t\t\t\t<a href=\"https:\/\/akogluinsaat.com.tr\/index.php\/projelerimiz\/akoglu-elit-garden\/\" title=\"Ako\u011flu Elit Garden\"><img decoding=\"async\" width=\"300\" height=\"150\" src=\"https:\/\/akogluinsaat.com.tr\/wp-content\/uploads\/2024\/07\/Samandra-Projesi-3-300x150-1.jpg\" class=\"attachment-medium-thumb size-medium-thumb wp-post-image\" alt=\"\" \/><\/a>\n\t\t\t\t<\/div>\n\t\t\t\t<h3 class=\"grid-title\"><a href=\"https:\/\/akogluinsaat.com.tr\/index.php\/projelerimiz\/akoglu-elit-garden\/\" rel=\"bookmark\">Ako\u011flu Elit Garden<\/a><\/h3>\n\n\t\t\t\t<p>Proje Detaylar\u0131 \ud83c\udf3f Elit Garden Toplam \u0130n\u015faat Alan\u0131: 17.000 m\u00b2Yap\u0131m Y\u0131l\u0131: 2023 \u2013 2024 Proje A\u00e7\u0131klamas\u0131:Elit Garden, do\u011fayla i\u00e7 i\u00e7e ya\u015fam ...<\/p>\n\n\t\t\t\t<a class=\"grid-more\" href=\"https:\/\/akogluinsaat.com.tr\/index.php\/projelerimiz\/akoglu-elit-garden\/\" title=\"Ako\u011flu Elit Garden\">Read More<\/a>\n\n\t\t\t<\/div>\n\t\t\t\n\t\t\t\t<div class=\"clear\"><\/div>\n\t\t\t<div class=\"grid-item grid-sm-6 grid-md-4\">\n\t\t\t\t<div class=\"grid-thumbnail\">\n\t\t\t\t\t<a href=\"https:\/\/akogluinsaat.com.tr\/index.php\/projelerimiz\/akoglu-elit-life\/\" title=\"Ako\u011flu Elit Life\"><img loading=\"lazy\" decoding=\"async\" width=\"600\" height=\"300\" src=\"https:\/\/akogluinsaat.com.tr\/wp-content\/uploads\/2025\/12\/elitlife20-600x300.jpg\" class=\"attachment-medium-thumb size-medium-thumb wp-post-image\" alt=\"\" srcset=\"https:\/\/akogluinsaat.com.tr\/wp-content\/uploads\/2025\/12\/elitlife20-600x300.jpg 600w, https:\/\/akogluinsaat.com.tr\/wp-content\/uploads\/2025\/12\/elitlife20-400x200.jpg 400w, https:\/\/akogluinsaat.com.tr\/wp-content\/uploads\/2025\/12\/elitlife20-800x400.jpg 800w\" sizes=\"(max-width: 600px) 100vw, 600px\" \/><\/a>\n\t\t\t\t<\/div>\n\t\t\t\t<h3 class=\"grid-title\"><a href=\"https:\/\/akogluinsaat.com.tr\/index.php\/projelerimiz\/akoglu-elit-life\/\" rel=\"bookmark\">Ako\u011flu Elit Life<\/a><\/h3>\n\n\t\t\t\t<p>Proje Detaylar\u0131 \ud83c\udfe2 Elit Life 1 Toplam \u0130n\u015faat Alan\u0131: 13.000 m\u00b2Yap\u0131m Y\u0131l\u0131: 2014 \u2013 2015 Proje A\u00e7\u0131klamas\u0131:Elit Life 1, modern \u015fehir ...<\/p>\n\n\t\t\t\t<a class=\"grid-more\" href=\"https:\/\/akogluinsaat.com.tr\/index.php\/projelerimiz\/akoglu-elit-life\/\" title=\"Ako\u011flu Elit Life\">Read More<\/a>\n\n\t\t\t<\/div>\n\t\t\t\n\t\t\t<div class=\"grid-item grid-sm-6 grid-md-4\">\n\t\t\t\t<h3 class=\"grid-title\"><a href=\"https:\/\/akogluinsaat.com.tr\/index.php\/projelerimiz\/demir-apartmani\/\" rel=\"bookmark\">Demir Apartman\u0131<\/a><\/h3>\n\n\t\t\t\t<p>Proje Detaylar\u0131 M\u00fc\u015ft\u00fcri:\u00a0\u00a0 Ako\u011flu \u0130n\u015faatLocation:\u00a0\u00a0 Samand\u0131raY\u00fcz \u00d6l\u00e7\u00fcm\u00fc: 4500 m2Biti\u015f Y\u0131l\u0131:\u00a0\u00a0 2014De\u011fer: \u20ba250.000Mimar:\u00a0 Cengiz Ero\u011flu Samand\u0131rada\u2019da bulunan, 4500 metrekareyi a\u015fan yeni in\u015faat ...<\/p>\n\n\t\t\t\t<a class=\"grid-more\" href=\"https:\/\/akogluinsaat.com.tr\/index.php\/projelerimiz\/demir-apartmani\/\" title=\"Demir Apartman\u0131\">Read More<\/a>\n\n\t\t\t<\/div>\n\t\t\t\n\t\t\t<div class=\"grid-item grid-sm-6 grid-md-4\">\n\t\t\t\t<div class=\"grid-thumbnail\">\n\t\t\t\t\t<a href=\"https:\/\/akogluinsaat.com.tr\/index.php\/projelerimiz\/kurt-apartmani\/\" title=\"Kurt Apartman\u0131\"><img loading=\"lazy\" decoding=\"async\" width=\"600\" height=\"300\" src=\"https:\/\/akogluinsaat.com.tr\/wp-content\/uploads\/2024\/07\/Kurt-Apartmani-Akoglu-insaat-2-960x600-1-600x300.jpg\" class=\"attachment-medium-thumb size-medium-thumb wp-post-image\" alt=\"\" srcset=\"https:\/\/akogluinsaat.com.tr\/wp-content\/uploads\/2024\/07\/Kurt-Apartmani-Akoglu-insaat-2-960x600-1-600x300.jpg 600w, https:\/\/akogluinsaat.com.tr\/wp-content\/uploads\/2024\/07\/Kurt-Apartmani-Akoglu-insaat-2-960x600-1-400x200.jpg 400w, https:\/\/akogluinsaat.com.tr\/wp-content\/uploads\/2024\/07\/Kurt-Apartmani-Akoglu-insaat-2-960x600-1-800x400.jpg 800w\" sizes=\"(max-width: 600px) 100vw, 600px\" \/><\/a>\n\t\t\t\t<\/div>\n\t\t\t\t<h3 class=\"grid-title\"><a href=\"https:\/\/akogluinsaat.com.tr\/index.php\/projelerimiz\/kurt-apartmani\/\" rel=\"bookmark\">Kurt Apartman\u0131<\/a><\/h3>\n\n\t\t\t\t<p>Proje Detaylar\u0131 M\u00fc\u015ft\u00fcri:\u00a0\u00a0 Ako\u011flu \u0130n\u015faatLocation:\u00a0\u00a0 Samand\u0131raY\u00fcz \u00d6l\u00e7\u00fcm\u00fc: 4500 m2Biti\u015f Y\u0131l\u0131:\u00a0\u00a0 2014De\u011fer: \u20ba250.000Mimar:\u00a0 Cengiz Ero\u011flu Samand\u0131rada\u2019da bulunan, 4500 metrekareyi a\u015fan yeni in\u015faat ...<\/p>\n\n\t\t\t\t<a class=\"grid-more\" href=\"https:\/\/akogluinsaat.com.tr\/index.php\/projelerimiz\/kurt-apartmani\/\" title=\"Kurt Apartman\u0131\">Read More<\/a>\n\n\t\t\t<\/div>\n\t\t\t\n\t\t\t\t<div class=\"clear\"><\/div>\n\t\t\t<div class=\"grid-item grid-sm-6 grid-md-4\">\n\t\t\t\t<div class=\"grid-thumbnail\">\n\t\t\t\t\t<a href=\"https:\/\/akogluinsaat.com.tr\/index.php\/projelerimiz\/solak-evleri\/\" title=\"Solak Evleri\"><img loading=\"lazy\" decoding=\"async\" width=\"600\" height=\"300\" src=\"https:\/\/akogluinsaat.com.tr\/wp-content\/uploads\/2015\/02\/slider01-600x300.jpg\" class=\"attachment-medium-thumb size-medium-thumb wp-post-image\" alt=\"\" srcset=\"https:\/\/akogluinsaat.com.tr\/wp-content\/uploads\/2015\/02\/slider01-600x300.jpg 600w, https:\/\/akogluinsaat.com.tr\/wp-content\/uploads\/2015\/02\/slider01-400x200.jpg 400w, https:\/\/akogluinsaat.com.tr\/wp-content\/uploads\/2015\/02\/slider01-800x400.jpg 800w\" sizes=\"(max-width: 600px) 100vw, 600px\" \/><\/a>\n\t\t\t\t<\/div>\n\t\t\t\t<h3 class=\"grid-title\"><a href=\"https:\/\/akogluinsaat.com.tr\/index.php\/projelerimiz\/solak-evleri\/\" rel=\"bookmark\">Solak Evleri<\/a><\/h3>\n\n\t\t\t\t<p>Proje Detaylar\u0131 M\u00fc\u015ft\u00fcri:\u00a0\u00a0 Ako\u011flu \u0130n\u015faatLocation:\u00a0\u00a0 Samand\u0131raY\u00fcz \u00d6l\u00e7\u00fcm\u00fc: 350 m2Biti\u015f Y\u0131l\u0131:\u00a0\u00a0 2014De\u011fer: \u20ba250.000Mimar:\u00a0 Cengiz Ero\u011flu Samand\u0131ra\u2019da bulunan, 350 metrekareyi a\u015fan yeni in\u015faat ...<\/p>\n\n\t\t\t\t<a class=\"grid-more\" href=\"https:\/\/akogluinsaat.com.tr\/index.php\/projelerimiz\/solak-evleri\/\" title=\"Solak Evleri\">Read More<\/a>\n\n\t\t\t<\/div>\n\t\t\t\n\t\t\t<div class=\"grid-item grid-sm-6 grid-md-4\">\n\t\t\t\t<h3 class=\"grid-title\"><a href=\"https:\/\/akogluinsaat.com.tr\/index.php\/projelerimiz\/altug-apartmani\/\" rel=\"bookmark\">Altu\u011f Apartman\u0131<\/a><\/h3>\n\n\t\t\t\t<p>Proje Detaylar\u0131 M\u00fc\u015ft\u00fcri:\u00a0\u00a0 Ako\u011flu \u0130n\u015faatLocation:\u00a0\u00a0 Samand\u0131raY\u00fcz \u00d6l\u00e7\u00fcm\u00fc: 4500 m2Biti\u015f Y\u0131l\u0131:\u00a0\u00a0 2014De\u011fer: \u20ba250.000Mimar:\u00a0 Cengiz Ero\u011flu Samand\u0131rada\u2019da bulunan, 4500 metrekareyi a\u015fan yeni in\u015faat ...<\/p>\n\n\t\t\t\t<a class=\"grid-more\" href=\"https:\/\/akogluinsaat.com.tr\/index.php\/projelerimiz\/altug-apartmani\/\" title=\"Altu\u011f Apartman\u0131\">Read More<\/a>\n\n\t\t\t<\/div>\n\t\t\t\n\t\t\t<div class=\"grid-item grid-sm-6 grid-md-4\">\n\t\t\t\t<div class=\"grid-thumbnail\">\n\t\t\t\t\t<a href=\"https:\/\/akogluinsaat.com.tr\/index.php\/projelerimiz\/akoglu-insaat-yildiz-sitesi\/\" title=\"Ako\u011flu \u0130n\u015faat Y\u0131ld\u0131z Sitesi\"><img loading=\"lazy\" decoding=\"async\" width=\"300\" height=\"150\" src=\"https:\/\/akogluinsaat.com.tr\/wp-content\/uploads\/2024\/07\/Akoglu-Insaat-Yildiz-Sitesi-3-300x150-1.jpg\" class=\"attachment-medium-thumb size-medium-thumb wp-post-image\" alt=\"\" \/><\/a>\n\t\t\t\t<\/div>\n\t\t\t\t<h3 class=\"grid-title\"><a href=\"https:\/\/akogluinsaat.com.tr\/index.php\/projelerimiz\/akoglu-insaat-yildiz-sitesi\/\" rel=\"bookmark\">Ako\u011flu \u0130n\u015faat Y\u0131ld\u0131z Sitesi<\/a><\/h3>\n\n\t\t\t\t<p>Proje Detaylar\u0131 \ud83c\udfd8 Y\u0131ld\u0131z Sitesi Toplam \u0130n\u015faat Alan\u0131: 6.800 m\u00b2Yap\u0131m Y\u0131l\u0131: 2014 \u2013 2015 Proje A\u00e7\u0131klamas\u0131:Y\u0131ld\u0131z Sitesi, g\u00fcvenli ve aile odakl\u0131 ...<\/p>\n\n\t\t\t\t<a class=\"grid-more\" href=\"https:\/\/akogluinsaat.com.tr\/index.php\/projelerimiz\/akoglu-insaat-yildiz-sitesi\/\" title=\"Ako\u011flu \u0130n\u015faat Y\u0131ld\u0131z Sitesi\">Read More<\/a>\n\n\t\t\t<\/div>\n\t\t\t\n\t\t\t\t<div class=\"clear\"><\/div>\n\t\t\t<div class=\"grid-item grid-sm-6 grid-md-4\">\n\t\t\t\t<div class=\"grid-thumbnail\">\n\t\t\t\t\t<a href=\"https:\/\/akogluinsaat.com.tr\/index.php\/projelerimiz\/aydin-evler\/\" title=\"Ayd\u0131n Evler\"><img loading=\"lazy\" decoding=\"async\" width=\"300\" height=\"150\" src=\"https:\/\/akogluinsaat.com.tr\/wp-content\/uploads\/2024\/07\/Aydin-Evler-300x150-1.jpg\" class=\"attachment-medium-thumb size-medium-thumb wp-post-image\" alt=\"\" \/><\/a>\n\t\t\t\t<\/div>\n\t\t\t\t<h3 class=\"grid-title\"><a href=\"https:\/\/akogluinsaat.com.tr\/index.php\/projelerimiz\/aydin-evler\/\" rel=\"bookmark\">Ayd\u0131n Evler<\/a><\/h3>\n\n\t\t\t\t<p>Proje Detaylar\u0131 M\u00fc\u015ft\u00fcri:\u00a0\u00a0 Ako\u011flu \u0130n\u015faatLocation:\u00a0\u00a0 Samand\u0131raY\u00fcz \u00d6l\u00e7\u00fcm\u00fc: 450,00 m2Biti\u015f Y\u0131l\u0131:\u00a0\u00a0 2014De\u011fer: \u20ba250.000Mimar:\u00a0 Cengiz Ero\u011flu Mountain View\u2019da bulunan Langham Hotel, 450.000 metrekareyi ...<\/p>\n\n\t\t\t\t<a class=\"grid-more\" href=\"https:\/\/akogluinsaat.com.tr\/index.php\/projelerimiz\/aydin-evler\/\" title=\"Ayd\u0131n Evler\">Read More<\/a>\n\n\t\t\t<\/div>\n\t\t\t\n\t\t<\/div>\n\t\t\t<\/div>\t\t\t\t<\/div>\n\t\t\t\t<\/div>\n\t\t\t\t\t<\/div>\n\t\t\t\t<\/div>\n\t\t\t\t<\/div>\n\t\t","protected":false},"excerpt":{"rendered":"<p>AKO\u011eLU TOWERS Proje Detaylar\u0131 M\u00fc\u015ft\u00fcri:\u00a0\u00a0 Ako\u011flu \u0130n\u015faatKonum:\u00a0\u00a0 Samand\u0131raY\u00fcz \u00d6l\u00e7\u00fcm\u00fc: 4500 m2Biti\u015f Y\u0131l\u0131:\u00a0\u00a0 2015De\u011fer: \u20ba250.000Yap\u0131m \u015eirketi:\u00a0 AKO\u011eLU\u0130N\u015eAAT Samand\u0131rada\u2019da bulunan, 4500 metrekareyi a\u015fan &#8230;<\/p>\n","protected":false},"author":1,"featured_media":0,"parent":0,"menu_order":0,"comment_status":"closed","ping_status":"closed","template":"","meta":{"footnotes":""},"_links":{"self":[{"href":"https:\/\/akogluinsaat.com.tr\/index.php\/wp-json\/wp\/v2\/pages\/370"}],"collection":[{"href":"https:\/\/akogluinsaat.com.tr\/index.php\/wp-json\/wp\/v2\/pages"}],"about":[{"href":"https:\/\/akogluinsaat.com.tr\/index.php\/wp-json\/wp\/v2\/types\/page"}],"author":[{"embeddable":true,"href":"https:\/\/akogluinsaat.com.tr\/index.php\/wp-json\/wp\/v2\/users\/1"}],"replies":[{"embeddable":true,"href":"https:\/\/akogluinsaat.com.tr\/index.php\/wp-json\/wp\/v2\/comments?post=370"}],"version-history":[{"count":41,"href":"https:\/\/akogluinsaat.com.tr\/index.php\/wp-json\/wp\/v2\/pages\/370\/revisions"}],"predecessor-version":[{"id":2122,"href":"https:\/\/akogluinsaat.com.tr\/index.php\/wp-json\/wp\/v2\/pages\/370\/revisions\/2122"}],"wp:attachment":[{"href":"https:\/\/akogluinsaat.com.tr\/index.php\/wp-json\/wp\/v2\/media?parent=370"}],"curies":[{"name":"wp","href":"https:\/\/api.w.org\/{rel}","templated":true}]}}