{"id":1870,"date":"2024-07-09T11:57:16","date_gmt":"2024-07-09T11:57:16","guid":{"rendered":"https:\/\/akogluinsaat.com.tr\/?page_id=1870"},"modified":"2025-12-17T06:47:30","modified_gmt":"2025-12-17T06:47:30","slug":"akoglu-insaat-yildiz-sitesi","status":"publish","type":"page","link":"https:\/\/akogluinsaat.com.tr\/index.php\/projelerimiz\/akoglu-insaat-yildiz-sitesi\/","title":{"rendered":"Ako\u011flu \u0130n\u015faat Y\u0131ld\u0131z Sitesi"},"content":{"rendered":"\t\t<div data-elementor-type=\"wp-page\" data-elementor-id=\"1870\" class=\"elementor elementor-1870\" data-elementor-post-type=\"page\">\n\t\t\t\t\t\t<section class=\"elementor-section elementor-top-section elementor-element elementor-element-5366c0c7 elementor-section-boxed elementor-section-height-default elementor-section-height-default\" data-id=\"5366c0c7\" data-element_type=\"section\">\n\t\t\t\t\t\t<div class=\"elementor-container elementor-column-gap-no\">\n\t\t\t\t\t<div class=\"elementor-column elementor-col-100 elementor-top-column elementor-element elementor-element-334dba53\" data-id=\"334dba53\" data-element_type=\"column\">\n\t\t\t<div class=\"elementor-widget-wrap elementor-element-populated\">\n\t\t\t\t\t\t<div class=\"elementor-element elementor-element-1683d55f elementor-widget elementor-widget-image\" data-id=\"1683d55f\" data-element_type=\"widget\" data-widget_type=\"image.default\">\n\t\t\t\t<div class=\"elementor-widget-container\">\n\t\t\t\t\t\t\t\t\t\t\t\t\t\t\t<img decoding=\"async\" src=\"https:\/\/akogluinsaat.com.tr\/wp-content\/uploads\/2015\/02\/House1.jpg\" title=\"House1\" alt=\"House1\" loading=\"lazy\" \/>\t\t\t\t\t\t\t\t\t\t\t\t\t\t\t<\/div>\n\t\t\t\t<\/div>\n\t\t\t\t<div class=\"elementor-element elementor-element-40c6761c elementor-widget elementor-widget-image-gallery\" data-id=\"40c6761c\" data-element_type=\"widget\" data-widget_type=\"image-gallery.default\">\n\t\t\t\t<div class=\"elementor-widget-container\">\n\t\t\t\t\t\t\t<div class=\"elementor-image-gallery\">\n\t\t\t\n        <style type='text\/css'>\n            #gallery-1 .gallery-item {\n                float: left;\n                text-align: center;\n                width: 16.666666666667%;\n                margin-bottom:0;\n            }\n            #gallery-1 img {\n            }\n            #gallery-1 .gallery-caption {\n                margin-left: 0;\n            }\n        <\/style>\n\t\t<div id='gallery-1' class='gallery  gallery-columns-6 gallery-size-medium-thumb gallery-lightbox'><dl class='gallery-item'>\n            <dt class='gallery-icon'>\n                <a data-elementor-open-lightbox=\"no\" href='https:\/\/akogluinsaat.com.tr\/wp-content\/uploads\/2015\/02\/slider01.jpg'><img fetchpriority=\"high\" decoding=\"async\" width=\"600\" height=\"300\" src=\"https:\/\/akogluinsaat.com.tr\/wp-content\/uploads\/2015\/02\/slider01-600x300.jpg\" class=\"attachment-medium-thumb size-medium-thumb\" alt=\"\" srcset=\"https:\/\/akogluinsaat.com.tr\/wp-content\/uploads\/2015\/02\/slider01-600x300.jpg 600w, https:\/\/akogluinsaat.com.tr\/wp-content\/uploads\/2015\/02\/slider01-400x200.jpg 400w, https:\/\/akogluinsaat.com.tr\/wp-content\/uploads\/2015\/02\/slider01-800x400.jpg 800w\" sizes=\"(max-width: 600px) 100vw, 600px\" \/><\/a>\n            <\/dt><\/dl><dl class='gallery-item'>\n            <dt class='gallery-icon'>\n                <a data-elementor-open-lightbox=\"no\" href='https:\/\/akogluinsaat.com.tr\/wp-content\/uploads\/2015\/02\/House3.jpg'><img decoding=\"async\" width=\"600\" height=\"300\" src=\"https:\/\/akogluinsaat.com.tr\/wp-content\/uploads\/2015\/02\/House3-600x300.jpg\" class=\"attachment-medium-thumb size-medium-thumb\" alt=\"\" srcset=\"https:\/\/akogluinsaat.com.tr\/wp-content\/uploads\/2015\/02\/House3-600x300.jpg 600w, https:\/\/akogluinsaat.com.tr\/wp-content\/uploads\/2015\/02\/House3-400x200.jpg 400w, https:\/\/akogluinsaat.com.tr\/wp-content\/uploads\/2015\/02\/House3-800x400.jpg 800w\" sizes=\"(max-width: 600px) 100vw, 600px\" \/><\/a>\n            <\/dt><\/dl><dl class='gallery-item'>\n            <dt class='gallery-icon'>\n                <a data-elementor-open-lightbox=\"no\" href='https:\/\/akogluinsaat.com.tr\/wp-content\/uploads\/2015\/02\/interior6.jpg'><img decoding=\"async\" width=\"600\" height=\"300\" src=\"https:\/\/akogluinsaat.com.tr\/wp-content\/uploads\/2015\/02\/interior6-600x300.jpg\" class=\"attachment-medium-thumb size-medium-thumb\" alt=\"\" srcset=\"https:\/\/akogluinsaat.com.tr\/wp-content\/uploads\/2015\/02\/interior6-600x300.jpg 600w, https:\/\/akogluinsaat.com.tr\/wp-content\/uploads\/2015\/02\/interior6-400x200.jpg 400w, https:\/\/akogluinsaat.com.tr\/wp-content\/uploads\/2015\/02\/interior6-800x400.jpg 800w\" sizes=\"(max-width: 600px) 100vw, 600px\" \/><\/a>\n            <\/dt><\/dl><dl class='gallery-item'>\n            <dt class='gallery-icon'>\n                <a data-elementor-open-lightbox=\"no\" href='https:\/\/akogluinsaat.com.tr\/wp-content\/uploads\/2015\/02\/interior3.jpg'><img loading=\"lazy\" decoding=\"async\" width=\"600\" height=\"300\" src=\"https:\/\/akogluinsaat.com.tr\/wp-content\/uploads\/2015\/02\/interior3-600x300.jpg\" class=\"attachment-medium-thumb size-medium-thumb\" alt=\"\" srcset=\"https:\/\/akogluinsaat.com.tr\/wp-content\/uploads\/2015\/02\/interior3-600x300.jpg 600w, https:\/\/akogluinsaat.com.tr\/wp-content\/uploads\/2015\/02\/interior3-400x200.jpg 400w, https:\/\/akogluinsaat.com.tr\/wp-content\/uploads\/2015\/02\/interior3-800x400.jpg 800w\" sizes=\"(max-width: 600px) 100vw, 600px\" \/><\/a>\n            <\/dt><\/dl><dl class='gallery-item'>\n            <dt class='gallery-icon'>\n                <a data-elementor-open-lightbox=\"no\" href='https:\/\/akogluinsaat.com.tr\/wp-content\/uploads\/2015\/02\/interior2.jpg'><img loading=\"lazy\" decoding=\"async\" width=\"600\" height=\"300\" src=\"https:\/\/akogluinsaat.com.tr\/wp-content\/uploads\/2015\/02\/interior2-600x300.jpg\" class=\"attachment-medium-thumb size-medium-thumb\" alt=\"\" srcset=\"https:\/\/akogluinsaat.com.tr\/wp-content\/uploads\/2015\/02\/interior2-600x300.jpg 600w, https:\/\/akogluinsaat.com.tr\/wp-content\/uploads\/2015\/02\/interior2-400x200.jpg 400w, https:\/\/akogluinsaat.com.tr\/wp-content\/uploads\/2015\/02\/interior2-800x400.jpg 800w\" sizes=\"(max-width: 600px) 100vw, 600px\" \/><\/a>\n            <\/dt><\/dl><dl class='gallery-item'>\n            <dt class='gallery-icon'>\n                <a data-elementor-open-lightbox=\"no\" href='https:\/\/akogluinsaat.com.tr\/wp-content\/uploads\/2015\/02\/interior1.jpg'><img loading=\"lazy\" decoding=\"async\" width=\"600\" height=\"300\" src=\"https:\/\/akogluinsaat.com.tr\/wp-content\/uploads\/2015\/02\/interior1-600x300.jpg\" class=\"attachment-medium-thumb size-medium-thumb\" alt=\"\" srcset=\"https:\/\/akogluinsaat.com.tr\/wp-content\/uploads\/2015\/02\/interior1-600x300.jpg 600w, https:\/\/akogluinsaat.com.tr\/wp-content\/uploads\/2015\/02\/interior1-400x200.jpg 400w, https:\/\/akogluinsaat.com.tr\/wp-content\/uploads\/2015\/02\/interior1-800x400.jpg 800w\" sizes=\"(max-width: 600px) 100vw, 600px\" \/><\/a>\n            <\/dt><\/dl><div class=\"clear\"><\/div>\n            <div class=\"clear\"><\/div>\n        <\/div>\n\t\t<\/div>\n\t\t\t\t\t\t<\/div>\n\t\t\t\t<\/div>\n\t\t\t\t\t<\/div>\n\t\t<\/div>\n\t\t\t\t\t<\/div>\n\t\t<\/section>\n\t\t\t\t<section class=\"elementor-section elementor-top-section elementor-element elementor-element-33e666ce elementor-section-boxed elementor-section-height-default elementor-section-height-default\" data-id=\"33e666ce\" data-element_type=\"section\">\n\t\t\t\t\t\t<div class=\"elementor-container elementor-column-gap-no\">\n\t\t\t\t\t<div class=\"elementor-column elementor-col-50 elementor-top-column elementor-element elementor-element-2d84260f\" data-id=\"2d84260f\" data-element_type=\"column\">\n\t\t\t<div class=\"elementor-widget-wrap elementor-element-populated\">\n\t\t\t\t\t\t<div class=\"elementor-element elementor-element-6cca1ac9 elementor-widget elementor-widget-wpc-custom-heading\" data-id=\"6cca1ac9\" data-element_type=\"widget\" data-widget_type=\"wpc-custom-heading.default\">\n\t\t\t\t<div class=\"elementor-widget-container\">\n\t\t\t\t\t\n        <div class=\"custom-heading wpb_content_element  heading-medium\">\n            <h2 class=\"heading-title\" >Proje Detaylar\u0131<\/h2>\n            <span class=\"heading-line primary\"><\/span>\n        <\/div>\t\t\t\t<\/div>\n\t\t\t\t<\/div>\n\t\t\t\t<div class=\"elementor-element elementor-element-1eb16da elementor-widget elementor-widget-text-editor\" data-id=\"1eb16da\" data-element_type=\"widget\" data-widget_type=\"text-editor.default\">\n\t\t\t\t<div class=\"elementor-widget-container\">\n\t\t\t\t\t\t\t\t\t<h2 data-start=\"3490\" data-end=\"3513\">\ud83c\udfd8 <strong data-start=\"3496\" data-end=\"3513\">Y\u0131ld\u0131z Sitesi<\/strong><\/h2><p data-start=\"3514\" data-end=\"3579\"><strong data-start=\"3514\" data-end=\"3538\">Toplam \u0130n\u015faat Alan\u0131:<\/strong> 6.800 m\u00b2<br data-start=\"3547\" data-end=\"3550\" \/><strong data-start=\"3550\" data-end=\"3565\">Yap\u0131m Y\u0131l\u0131:<\/strong> 2014 \u2013 2015<\/p><p data-start=\"3581\" data-end=\"3828\"><strong data-start=\"3581\" data-end=\"3602\">Proje A\u00e7\u0131klamas\u0131:<\/strong><br data-start=\"3602\" data-end=\"3605\" \/>Y\u0131ld\u0131z Sitesi, g\u00fcvenli ve aile odakl\u0131 bir ya\u015fam anlay\u0131\u015f\u0131yla tasarlanm\u0131\u015f, uzun y\u0131llar boyunca de\u011ferini koruyan bir konut projesidir. Sa\u011flam yap\u0131 sistemi ve sosyal alanlar\u0131yla sakinlerine huzurlu bir ya\u015fam ortam\u0131 sunmaktad\u0131r.<\/p>\t\t\t\t\t\t\t\t<\/div>\n\t\t\t\t<\/div>\n\t\t\t\t\t<\/div>\n\t\t<\/div>\n\t\t\t\t<div class=\"elementor-column elementor-col-50 elementor-top-column elementor-element elementor-element-2ad5a35b\" data-id=\"2ad5a35b\" data-element_type=\"column\">\n\t\t\t<div class=\"elementor-widget-wrap elementor-element-populated\">\n\t\t\t\t\t\t<div class=\"elementor-element elementor-element-bf0b1b elementor-widget elementor-widget-wpc-custom-heading\" data-id=\"bf0b1b\" data-element_type=\"widget\" data-widget_type=\"wpc-custom-heading.default\">\n\t\t\t\t<div class=\"elementor-widget-container\">\n\t\t\t\t\t\n        <div class=\"custom-heading wpb_content_element  heading-medium\">\n            <h2 class=\"heading-title\" >ORTAK SOSYAL ALANLAR & YA\u015eAM DONATILARI<\/h2>\n            <span class=\"heading-line primary\"><\/span>\n        <\/div>\t\t\t\t<\/div>\n\t\t\t\t<\/div>\n\t\t\t\t<div class=\"elementor-element elementor-element-3f17c388 elementor-widget elementor-widget-text-editor\" data-id=\"3f17c388\" data-element_type=\"widget\" data-widget_type=\"text-editor.default\">\n\t\t\t\t<div class=\"elementor-widget-container\">\n\t\t\t\t\t\t\t\t\t<ul><li data-start=\"4040\" data-end=\"4075\"><p data-start=\"4042\" data-end=\"4075\">A\u00e7\u0131k ve kapal\u0131 otopark alanlar\u0131<\/p><\/li><li data-start=\"4076\" data-end=\"4143\"><p data-start=\"4078\" data-end=\"4143\">7\/24 izlenebilir kamera sistemleri ve g\u00f6revlendirilmi\u015f g\u00fcvenlik<\/p><\/li><li data-start=\"4144\" data-end=\"4167\"><p data-start=\"4146\" data-end=\"4167\">\u00c7ocuk oyun alanlar\u0131<\/p><\/li><li data-start=\"4168\" data-end=\"4200\"><p data-start=\"4170\" data-end=\"4200\">Basketbol ve futbol sahalar\u0131<\/p><\/li><li data-start=\"4201\" data-end=\"4228\"><p data-start=\"4203\" data-end=\"4228\">Kamelyalar ve \u00e7ardaklar<\/p><\/li><li data-start=\"4229\" data-end=\"4260\"><p data-start=\"4231\" data-end=\"4260\">Oturma ve dinlenme alanlar\u0131<\/p><\/li><li data-start=\"4261\" data-end=\"4280\"><p data-start=\"4263\" data-end=\"4280\">Y\u00fcr\u00fcy\u00fc\u015f yollar\u0131<\/p><\/li><li data-start=\"4281\" data-end=\"4307\"><p data-start=\"4283\" data-end=\"4307\">Havuz ve s\u00fcs havuzlar\u0131<\/p><\/li><li data-start=\"4308\" data-end=\"4353\"><p data-start=\"4310\" data-end=\"4353\">Profesyonel peyzaj ve \u00e7evre d\u00fczenlemeleri<\/p><\/li><li data-start=\"4354\" data-end=\"4415\"><p data-start=\"4356\" data-end=\"4415\">Son model ve g\u00fcncel standartlara uygun asans\u00f6r sistemleri<\/p><\/li><li data-start=\"4416\" data-end=\"4444\"><p data-start=\"4418\" data-end=\"4444\">Yerden \u0131s\u0131tma sistemleri<\/p><\/li><\/ul>\t\t\t\t\t\t\t\t<\/div>\n\t\t\t\t<\/div>\n\t\t\t\t\t<\/div>\n\t\t<\/div>\n\t\t\t\t\t<\/div>\n\t\t<\/section>\n\t\t\t\t<\/div>\n\t\t","protected":false},"excerpt":{"rendered":"<p>Proje Detaylar\u0131 \ud83c\udfd8 Y\u0131ld\u0131z Sitesi Toplam \u0130n\u015faat Alan\u0131: 6.800 m\u00b2Yap\u0131m Y\u0131l\u0131: 2014 \u2013 2015 Proje A\u00e7\u0131klamas\u0131:Y\u0131ld\u0131z Sitesi, g\u00fcvenli ve aile odakl\u0131 &#8230;<\/p>\n","protected":false},"author":1,"featured_media":1878,"parent":370,"menu_order":0,"comment_status":"closed","ping_status":"closed","template":"","meta":{"footnotes":""},"_links":{"self":[{"href":"https:\/\/akogluinsaat.com.tr\/index.php\/wp-json\/wp\/v2\/pages\/1870"}],"collection":[{"href":"https:\/\/akogluinsaat.com.tr\/index.php\/wp-json\/wp\/v2\/pages"}],"about":[{"href":"https:\/\/akogluinsaat.com.tr\/index.php\/wp-json\/wp\/v2\/types\/page"}],"author":[{"embeddable":true,"href":"https:\/\/akogluinsaat.com.tr\/index.php\/wp-json\/wp\/v2\/users\/1"}],"replies":[{"embeddable":true,"href":"https:\/\/akogluinsaat.com.tr\/index.php\/wp-json\/wp\/v2\/comments?post=1870"}],"version-history":[{"count":4,"href":"https:\/\/akogluinsaat.com.tr\/index.php\/wp-json\/wp\/v2\/pages\/1870\/revisions"}],"predecessor-version":[{"id":2176,"href":"https:\/\/akogluinsaat.com.tr\/index.php\/wp-json\/wp\/v2\/pages\/1870\/revisions\/2176"}],"up":[{"embeddable":true,"href":"https:\/\/akogluinsaat.com.tr\/index.php\/wp-json\/wp\/v2\/pages\/370"}],"wp:featuredmedia":[{"embeddable":true,"href":"https:\/\/akogluinsaat.com.tr\/index.php\/wp-json\/wp\/v2\/media\/1878"}],"wp:attachment":[{"href":"https:\/\/akogluinsaat.com.tr\/index.php\/wp-json\/wp\/v2\/media?parent=1870"}],"curies":[{"name":"wp","href":"https:\/\/api.w.org\/{rel}","templated":true}]}}